{"id":150,"date":"2021-05-11T05:33:17","date_gmt":"2021-05-11T05:33:17","guid":{"rendered":"https:\/\/legaetanahotel.com\/index.php\/contact\/"},"modified":"2025-09-18T09:57:28","modified_gmt":"2025-09-18T13:57:28","slug":"contact","status":"publish","type":"page","link":"https:\/\/legaetanahotel.com\/index.php\/contact\/","title":{"rendered":"Contact"},"content":{"rendered":"\t\t<div data-elementor-type=\"wp-page\" data-elementor-id=\"150\" class=\"elementor elementor-150\">\n\t\t\t\t\t\t<section class=\"elementor-section elementor-top-section elementor-element elementor-element-094af3c elementor-section-boxed elementor-section-height-default elementor-section-height-default\" data-id=\"094af3c\" data-element_type=\"section\" data-e-type=\"section\" data-settings=\"{&quot;background_background&quot;:&quot;classic&quot;}\">\n\t\t\t\t\t\t\t<div class=\"elementor-background-overlay\"><\/div>\n\t\t\t\t\t\t\t<div class=\"elementor-container elementor-column-gap-default\">\n\t\t\t\t\t<div class=\"elementor-column elementor-col-100 elementor-top-column elementor-element elementor-element-6b046d6\" data-id=\"6b046d6\" data-element_type=\"column\" data-e-type=\"column\">\n\t\t\t<div class=\"elementor-widget-wrap elementor-element-populated\">\n\t\t\t\t\t\t<div class=\"elementor-element elementor-element-8da095d elementor-widget elementor-widget-heading\" data-id=\"8da095d\" data-element_type=\"widget\" data-e-type=\"widget\" data-widget_type=\"heading.default\">\n\t\t\t\t<div class=\"elementor-widget-container\">\n\t\t\t\t\t<h1 class=\"elementor-heading-title elementor-size-default\">\n Contactez-nous <\/h1>\t\t\t\t<\/div>\n\t\t\t\t<\/div>\n\t\t\t\t<div class=\"elementor-element elementor-element-948496e elementor-widget elementor-widget-text-editor\" data-id=\"948496e\" data-element_type=\"widget\" data-e-type=\"widget\" data-widget_type=\"text-editor.default\">\n\t\t\t\t<div class=\"elementor-widget-container\">\n\t\t\t\t\t\t\t\t\t<p>Nous sommes l\u00e0 pour r\u00e9pondre \u00e0 toutes vos questions et rendre votre s\u00e9jour inoubliable<\/p>\t\t\t\t\t\t\t\t<\/div>\n\t\t\t\t<\/div>\n\t\t\t\t\t<\/div>\n\t\t<\/div>\n\t\t\t\t\t<\/div>\n\t\t<\/section>\n\t\t\t\t<section class=\"elementor-section elementor-top-section elementor-element elementor-element-29835de elementor-section-boxed elementor-section-height-default elementor-section-height-default\" data-id=\"29835de\" data-element_type=\"section\" data-e-type=\"section\" data-settings=\"{&quot;background_background&quot;:&quot;classic&quot;}\">\n\t\t\t\t\t\t<div class=\"elementor-container elementor-column-gap-no\">\n\t\t\t\t\t<div class=\"elementor-column elementor-col-50 elementor-top-column elementor-element elementor-element-5663bdd\" data-id=\"5663bdd\" data-element_type=\"column\" data-e-type=\"column\">\n\t\t\t<div class=\"elementor-widget-wrap elementor-element-populated\">\n\t\t\t\t\t\t<div class=\"elementor-element elementor-element-1c5880c elementor-widget elementor-widget-heading\" data-id=\"1c5880c\" data-element_type=\"widget\" data-e-type=\"widget\" data-widget_type=\"heading.default\">\n\t\t\t\t<div class=\"elementor-widget-container\">\n\t\t\t\t\t<h4 class=\"elementor-heading-title elementor-size-default\">Adresse<\/h4>\t\t\t\t<\/div>\n\t\t\t\t<\/div>\n\t\t\t\t<div class=\"elementor-element elementor-element-fbcf468 elementor-widget elementor-widget-text-editor\" data-id=\"fbcf468\" data-element_type=\"widget\" data-e-type=\"widget\" data-widget_type=\"text-editor.default\">\n\t\t\t\t<div class=\"elementor-widget-container\">\n\t\t\t\t\t\t\t\t\t<p>2 Route de SOFA\u00cfA \u2013 97115 Sainte Rose<\/p>\t\t\t\t\t\t\t\t<\/div>\n\t\t\t\t<\/div>\n\t\t\t\t<div class=\"elementor-element elementor-element-f3e2aea elementor-widget elementor-widget-heading\" data-id=\"f3e2aea\" data-element_type=\"widget\" data-e-type=\"widget\" data-widget_type=\"heading.default\">\n\t\t\t\t<div class=\"elementor-widget-container\">\n\t\t\t\t\t<h4 class=\"elementor-heading-title elementor-size-default\">Heures de R\u00e9ception<\/h4>\t\t\t\t<\/div>\n\t\t\t\t<\/div>\n\t\t\t\t<div class=\"elementor-element elementor-element-c280f36 elementor-widget elementor-widget-text-editor\" data-id=\"c280f36\" data-element_type=\"widget\" data-e-type=\"widget\" data-widget_type=\"text-editor.default\">\n\t\t\t\t<div class=\"elementor-widget-container\">\n\t\t\t\t\t\t\t\t\t<p>R\u00e9ception physique : 9h-17h<br \/>Assistance t\u00e9l\u00e9phonique : 8h-22h<br \/>Nous sommes l\u00e0 pour vous !<\/p>\t\t\t\t\t\t\t\t<\/div>\n\t\t\t\t<\/div>\n\t\t\t\t<div class=\"elementor-element elementor-element-fac7a36 elementor-widget elementor-widget-heading\" data-id=\"fac7a36\" data-element_type=\"widget\" data-e-type=\"widget\" data-widget_type=\"heading.default\">\n\t\t\t\t<div class=\"elementor-widget-container\">\n\t\t\t\t\t<h4 class=\"elementor-heading-title elementor-size-default\">Contact<\/h4>\t\t\t\t<\/div>\n\t\t\t\t<\/div>\n\t\t\t\t<div class=\"elementor-element elementor-element-14d84fc elementor-widget elementor-widget-text-editor\" data-id=\"14d84fc\" data-element_type=\"widget\" data-e-type=\"widget\" data-widget_type=\"text-editor.default\">\n\t\t\t\t<div class=\"elementor-widget-container\">\n\t\t\t\t\t\t\t\t\t<p>+590 690 322 500<\/p><p>reservation@legaetana.com<\/p><p>\u00a0<\/p>\t\t\t\t\t\t\t\t<\/div>\n\t\t\t\t<\/div>\n\t\t\t\t\t<\/div>\n\t\t<\/div>\n\t\t\t\t<div class=\"elementor-column elementor-col-50 elementor-top-column elementor-element elementor-element-40ce0dc\" data-id=\"40ce0dc\" data-element_type=\"column\" data-e-type=\"column\">\n\t\t\t<div class=\"elementor-widget-wrap elementor-element-populated\">\n\t\t\t\t\t\t<div class=\"elementor-element elementor-element-6efac29 elementor-widget elementor-widget-shortcode\" data-id=\"6efac29\" data-element_type=\"widget\" data-e-type=\"widget\" data-widget_type=\"shortcode.default\">\n\t\t\t\t<div class=\"elementor-widget-container\">\n\t\t\t\t\t\t\t<div class=\"elementor-shortcode\"><div id=\"multi-step-form\" class=\"fw-wizard\" data-stepCount=\"1\" data-wizardid=\"1\">\n    <div class=\"fw-wizard-step-header-container\">\n        <div class=\"fw-container\" data-redirect=\"\">\n                <div class=\"fw-wizard-step-header\" data-stepId=\"0\">\n            <span class=\"msf-h2\"><\/span>\n            <p class=\"fw-copytext\"><\/p>\n        <\/div>\n                <\/div>\n    <\/div>\n    <div class=\"fw-progress-bar-container \">\n        <div class=\"fw-container\">\n    <div class=\"fw-progress-wrap\">\n    <ul class=\"fw-progress-bar\"\n        data-activecolor=\"#546e7a\"\n        data-donecolor=\"#4caf50\"\n        data-nextcolor=\"#aaa\"\n        data-buttoncolor=\"#546e7a\">\n                <li class=\"fw-progress-step\"\n            data-id=\"0\">\n            <span class=\"fw-progress-bar-bar\"><\/span>\n            <span class=\"fw-txt-ellipsis\" data-title=\"Contact\">Contact<\/span>\n                    <\/li>\n                <\/ul>\n<\/div>\n        <\/div>\n    <\/div>\n    <div class=\"fw-wizard-step-container\">\n        <div class=\"fw-container\">\n                    <div class=\"fw-wizard-step\" data-stepId=\"0\">\n                <div class=\"fw-step-part \" data-partId=\"0\">\n\t<span class=\"fw-step-part-title \">\n\t\t\tGaetana Hotel\t<\/span>\n\t<div class=\"fw-clearfix\"><\/div>\n\t<div class=\"fw-step-part-body\">\n\t\t\t\t\t\t\t\t\t<div class=\"fw-step-block\" data-blockId=\"1\" data-type=\"fw-text\" data-required=\"true\">\n\t\t\t<div class=\"fw-input-container\">\n\t\t\t\t<label for=\"msf-text-objet\"><span class=\"msf-h3\">Objet<\/span><\/label>\n\t\t\t\t<input \n\t\t\t\t\ttype=\"text\" \n\t\t\t\t\tclass=\"fw-text-input\" \n\t\t\t\t\tid=\"msf-text-objet\"\n\t\t\t\t\tdata-id=\"text\">\n\t\t\t\t<span class=\"fa fa-pencil form-control-feedback\" aria-hidden=\"true\"><\/span>\n\t\t\t<\/div>\n\t\t\t<div class=\"fw-clearfix\"><\/div>\n\t\t<\/div>\n\t\t\t\t\t\t\t\t\t\t\t<div class=\"fw-step-block\" data-blockId=\"1\" data-type=\"fw-text\" data-required=\"true\">\n\t\t\t<div class=\"fw-input-container\">\n\t\t\t\t<label for=\"msf-text-nom-et-pr\u00e9nom\"><span class=\"msf-h3\">Nom et Pr\u00e9nom<\/span><\/label>\n\t\t\t\t<input \n\t\t\t\t\ttype=\"text\" \n\t\t\t\t\tclass=\"fw-text-input\" \n\t\t\t\t\tid=\"msf-text-nom-et-pr\u00e9nom\"\n\t\t\t\t\tdata-id=\"text\">\n\t\t\t\t<span class=\"fa fa-pencil form-control-feedback\" aria-hidden=\"true\"><\/span>\n\t\t\t<\/div>\n\t\t\t<div class=\"fw-clearfix\"><\/div>\n\t\t<\/div>\n\t\t\t\t\t\t\t\t\t\t\t<div class=\"fw-step-block\" data-blockId=\"1\" data-type=\"fw-email\" data-required=\"true\">\n\t\t\t<div class=\"fw-input-container\">\n\t\t\t\t<label for=\"msf-mail-email\"><span class=\"msf-h3\">Email<\/span><\/label>\n\t\t\t\t<input type=\"text\" id=\"msf-mail-email\"  class=\"fw-text-input one\" data-id=\"email\">\n\t\t\t\t<span class=\"fa fa-envelope form-control-feedback\" aria-hidden=\"true\"><\/span>\n\t\t\t<\/div>\n\t\t\t\t\t\t<div class=\"fw-clearfix\"><\/div>\n\t\t<\/div>\n\t  \t\t\t\t\t\t\t\t\t<div class=\"fw-step-block\" data-blockId=\"1\" data-type=\"fw-textarea\" data-required=\"true\">\n\t\t\t<div class=\"fw-input-container\">\n\t\t\t\t<label for=\"msf-textarea-message\"><span class=\"msf-h3\">Message<\/span><\/label>\n\t\t\t\t<textarea \n\t\t\t\t\tclass=\"fw-textarea\"\n\t\t\t\t\tid=\"msf-textarea-message\"\n\t\t\t\t\tdata-id=\"textarea\"><\/textarea>\n\t\t\t\t<span class=\"fa fa-pencil t-area form-control-feedback\" aria-hidden=\"true\"><\/span>\n\t\t\t<\/div>\n\t\t\t<div class=\"fw-clearfix\"><\/div>\n\t\t<\/div>\n\t\t\t\t\t\t<\/div>\n<\/div>\n\t\t\t                    <button type=\"button\" class=\"fw-btn-submit\">Submit<\/button>\n                                <div class=\"fw-clearfix\"><\/div>\n            <\/div>\n                    <\/div>\n    <\/div>\n        <div class=\"fw-alert-user\" style=\"display:none;\"><\/div>\n<\/div>\n<\/div>\n\t\t\t\t\t\t<\/div>\n\t\t\t\t<\/div>\n\t\t\t\t\t<\/div>\n\t\t<\/div>\n\t\t\t\t\t<\/div>\n\t\t<\/section>\n\t\t\t\t<section class=\"elementor-section elementor-top-section elementor-element elementor-element-79a2ba7f elementor-section-boxed elementor-section-height-default elementor-section-height-default\" data-id=\"79a2ba7f\" data-element_type=\"section\" data-e-type=\"section\" data-settings=\"{&quot;background_background&quot;:&quot;classic&quot;}\">\n\t\t\t\t\t\t<div class=\"elementor-container elementor-column-gap-no\">\n\t\t\t\t\t<div class=\"elementor-column elementor-col-100 elementor-top-column elementor-element elementor-element-6a476800\" data-id=\"6a476800\" data-element_type=\"column\" data-e-type=\"column\">\n\t\t\t<div class=\"elementor-widget-wrap elementor-element-populated\">\n\t\t\t\t\t\t<div class=\"elementor-element elementor-element-4347eaca elementor-align-center elementor-widget elementor-widget-button\" data-id=\"4347eaca\" data-element_type=\"widget\" data-e-type=\"widget\" data-widget_type=\"button.default\">\n\t\t\t\t<div class=\"elementor-widget-container\">\n\t\t\t\t\t\t\t\t\t<div class=\"elementor-button-wrapper\">\n\t\t\t\t\t<a class=\"elementor-button elementor-button-link elementor-size-sm\" href=\"https:\/\/api.whatsapp.com\/send?phone=590690322500\">\n\t\t\t\t\t\t<span class=\"elementor-button-content-wrapper\">\n\t\t\t\t\t\t<span class=\"elementor-button-icon\">\n\t\t\t\t<i aria-hidden=\"true\" class=\"fab fa-whatsapp-square\"><\/i>\t\t\t<\/span>\n\t\t\t\t\t\t\t\t\t<span class=\"elementor-button-text\">Discuter avec nous<\/span>\n\t\t\t\t\t<\/span>\n\t\t\t\t\t<\/a>\n\t\t\t\t<\/div>\n\t\t\t\t\t\t\t\t<\/div>\n\t\t\t\t<\/div>\n\t\t\t\t<div class=\"elementor-element elementor-element-44dd7cfd elementor-align-center elementor-widget elementor-widget-button\" data-id=\"44dd7cfd\" data-element_type=\"widget\" data-e-type=\"widget\" data-widget_type=\"button.default\">\n\t\t\t\t<div class=\"elementor-widget-container\">\n\t\t\t\t\t\t\t\t\t<div class=\"elementor-button-wrapper\">\n\t\t\t\t\t<a class=\"elementor-button elementor-button-link elementor-size-sm\" href=\"https:\/\/www.instagram.com\/legaetana.hotel\">\n\t\t\t\t\t\t<span class=\"elementor-button-content-wrapper\">\n\t\t\t\t\t\t<span class=\"elementor-button-icon\">\n\t\t\t\t<i aria-hidden=\"true\" class=\"fab fa-instagram\"><\/i>\t\t\t<\/span>\n\t\t\t\t\t\t\t\t\t<span class=\"elementor-button-text\">Partager votre exp\u00e9rience <\/span>\n\t\t\t\t\t<\/span>\n\t\t\t\t\t<\/a>\n\t\t\t\t<\/div>\n\t\t\t\t\t\t\t\t<\/div>\n\t\t\t\t<\/div>\n\t\t\t\t<div class=\"elementor-element elementor-element-244f3431 elementor-align-center elementor-widget elementor-widget-button\" data-id=\"244f3431\" data-element_type=\"widget\" data-e-type=\"widget\" data-widget_type=\"button.default\">\n\t\t\t\t<div class=\"elementor-widget-container\">\n\t\t\t\t\t\t\t\t\t<div class=\"elementor-button-wrapper\">\n\t\t\t\t\t<a class=\"elementor-button elementor-button-link elementor-size-sm\" href=\"https:\/\/www.facebook.com\/share\/16oeayFd3E\/?mibextid=wwXIfr\">\n\t\t\t\t\t\t<span class=\"elementor-button-content-wrapper\">\n\t\t\t\t\t\t<span class=\"elementor-button-icon\">\n\t\t\t\t<i aria-hidden=\"true\" class=\"fab fa-facebook-f\"><\/i>\t\t\t<\/span>\n\t\t\t\t\t\t\t\t\t<span class=\"elementor-button-text\">Partager votre exp\u00e9rience <\/span>\n\t\t\t\t\t<\/span>\n\t\t\t\t\t<\/a>\n\t\t\t\t<\/div>\n\t\t\t\t\t\t\t\t<\/div>\n\t\t\t\t<\/div>\n\t\t\t\t<div class=\"elementor-element elementor-element-7b38a2c7 elementor-align-center elementor-widget elementor-widget-button\" data-id=\"7b38a2c7\" data-element_type=\"widget\" data-e-type=\"widget\" data-widget_type=\"button.default\">\n\t\t\t\t<div class=\"elementor-widget-container\">\n\t\t\t\t\t\t\t\t\t<div class=\"elementor-button-wrapper\">\n\t\t\t\t\t<a class=\"elementor-button elementor-button-link elementor-size-sm\" href=\"https:\/\/www.google.fr\/travel\/hotels\/entity\/CgsIhe-oo6aIk8OpARAB\/reviews?gsas=1&#038;ts=CAESCAoCCAMKAggDGiAKAhoAEhoSFAoHCOkPEAYYCxIHCOkPEAYYDRgCMgIQACoJCgU6A0VVUhoA&#038;qs=OAJCHCIaChZDSUhNMG9nS0VJQ0FnTUNndnIyekhREAE%3D&#038;hl=fr-FR&#038;utm_campaign=sharing&#038;utm_medium=link&#038;utm_source=htls&#038;ved=0CAAQ5JsGahcKEwiYw7a_lIqNAxUAAAAAHQAAAAAQCg&#038;pli=1\">\n\t\t\t\t\t\t<span class=\"elementor-button-content-wrapper\">\n\t\t\t\t\t\t<span class=\"elementor-button-icon\">\n\t\t\t\t<i aria-hidden=\"true\" class=\"fab fa-google-plus-g\"><\/i>\t\t\t<\/span>\n\t\t\t\t\t\t\t\t\t<span class=\"elementor-button-text\">Partager votre avis  <\/span>\n\t\t\t\t\t<\/span>\n\t\t\t\t\t<\/a>\n\t\t\t\t<\/div>\n\t\t\t\t\t\t\t\t<\/div>\n\t\t\t\t<\/div>\n\t\t\t\t<div class=\"elementor-element elementor-element-2847c17c elementor-align-center elementor-widget elementor-widget-button\" data-id=\"2847c17c\" data-element_type=\"widget\" data-e-type=\"widget\" data-widget_type=\"button.default\">\n\t\t\t\t<div class=\"elementor-widget-container\">\n\t\t\t\t\t\t\t\t\t<div class=\"elementor-button-wrapper\">\n\t\t\t\t\t<a class=\"elementor-button elementor-button-link elementor-size-sm\" href=\"https:\/\/waze.com\/ul\/hdduhg84rm\">\n\t\t\t\t\t\t<span class=\"elementor-button-content-wrapper\">\n\t\t\t\t\t\t<span class=\"elementor-button-icon\">\n\t\t\t\t<i aria-hidden=\"true\" class=\"fas fa-map-marker\"><\/i>\t\t\t<\/span>\n\t\t\t\t\t\t\t\t\t<span class=\"elementor-button-text\">G\u00e9o-localisation <\/span>\n\t\t\t\t\t<\/span>\n\t\t\t\t\t<\/a>\n\t\t\t\t<\/div>\n\t\t\t\t\t\t\t\t<\/div>\n\t\t\t\t<\/div>\n\t\t\t\t\t<\/div>\n\t\t<\/div>\n\t\t\t\t\t<\/div>\n\t\t<\/section>\n\t\t\t\t<section class=\"elementor-section elementor-top-section elementor-element elementor-element-2d3e5d9 elementor-section-full_width elementor-section-height-default elementor-section-height-default\" data-id=\"2d3e5d9\" data-element_type=\"section\" data-e-type=\"section\">\n\t\t\t\t\t\t<div class=\"elementor-container elementor-column-gap-no\">\n\t\t\t\t\t<div class=\"elementor-column elementor-col-100 elementor-top-column elementor-element elementor-element-b678ad3\" data-id=\"b678ad3\" data-element_type=\"column\" data-e-type=\"column\">\n\t\t\t<div class=\"elementor-widget-wrap elementor-element-populated\">\n\t\t\t\t\t\t<div class=\"elementor-element elementor-element-f86bccc elementor-widget elementor-widget-google_maps\" data-id=\"f86bccc\" data-element_type=\"widget\" data-e-type=\"widget\" data-widget_type=\"google_maps.default\">\n\t\t\t\t<div class=\"elementor-widget-container\">\n\t\t\t\t\t\t\t<div class=\"elementor-custom-embed\">\n\t\t\t<iframe loading=\"lazy\"\n\t\t\t\t\tsrc=\"https:\/\/maps.google.com\/maps?q=2%20Route%20de%20sofa%C3%AFa%2097115%20sainte-rose&#038;t=m&#038;z=12&#038;output=embed&#038;iwloc=near\"\n\t\t\t\t\ttitle=\"2 Route de sofa\u00efa 97115 sainte-rose\"\n\t\t\t\t\taria-label=\"2 Route de sofa\u00efa 97115 sainte-rose\"\n\t\t\t><\/iframe>\n\t\t<\/div>\n\t\t\t\t\t\t<\/div>\n\t\t\t\t<\/div>\n\t\t\t\t\t<\/div>\n\t\t<\/div>\n\t\t\t\t\t<\/div>\n\t\t<\/section>\n\t\t\t\t<\/div>\n\t\t","protected":false},"excerpt":{"rendered":"<p>Contactez-nous Nous sommes l\u00e0 pour r\u00e9pondre \u00e0 toutes vos questions et rendre votre s\u00e9jour inoubliable Adresse 2 Route de SOFA\u00cfA \u2013 97115 Sainte Rose Heures de R\u00e9ception R\u00e9ception physique : 9h-17hAssistance t\u00e9l\u00e9phonique : 8h-22hNous sommes l\u00e0 pour vous ! Contact +590 690 322 500 reservation@legaetana.com \u00a0 Discuter avec nous Partager votre exp\u00e9rience Partager votre exp\u00e9rience [&hellip;]<\/p>\n","protected":false},"author":1,"featured_media":0,"parent":0,"menu_order":0,"comment_status":"closed","ping_status":"closed","template":"","meta":{"site-sidebar-layout":"no-sidebar","site-content-layout":"page-builder","ast-site-content-layout":"","site-content-style":"default","site-sidebar-style":"default","ast-global-header-display":"","ast-banner-title-visibility":"","ast-main-header-display":"","ast-hfb-above-header-display":"","ast-hfb-below-header-display":"","ast-hfb-mobile-header-display":"","site-post-title":"disabled","ast-breadcrumbs-content":"","ast-featured-img":"disabled","footer-sml-layout":"","theme-transparent-header-meta":"enabled","adv-header-id-meta":"","stick-header-meta":"","header-above-stick-meta":"","header-main-stick-meta":"","header-below-stick-meta":"","astra-migrate-meta-layouts":"default","ast-page-background-enabled":"default","ast-page-background-meta":{"desktop":{"background-color":"","background-image":"","background-repeat":"repeat","background-position":"center center","background-size":"auto","background-attachment":"scroll","background-type":"","background-media":"","overlay-type":"","overlay-color":"","overlay-opacity":"","overlay-gradient":""},"tablet":{"background-color":"","background-image":"","background-repeat":"repeat","background-position":"center center","background-size":"auto","background-attachment":"scroll","background-type":"","background-media":"","overlay-type":"","overlay-color":"","overlay-opacity":"","overlay-gradient":""},"mobile":{"background-color":"","background-image":"","background-repeat":"repeat","background-position":"center center","background-size":"auto","background-attachment":"scroll","background-type":"","background-media":"","overlay-type":"","overlay-color":"","overlay-opacity":"","overlay-gradient":""}},"ast-content-background-meta":{"desktop":{"background-color":"var(--ast-global-color-5)","background-image":"","background-repeat":"repeat","background-position":"center center","background-size":"auto","background-attachment":"scroll","background-type":"","background-media":"","overlay-type":"","overlay-color":"","overlay-opacity":"","overlay-gradient":""},"tablet":{"background-color":"var(--ast-global-color-5)","background-image":"","background-repeat":"repeat","background-position":"center center","background-size":"auto","background-attachment":"scroll","background-type":"","background-media":"","overlay-type":"","overlay-color":"","overlay-opacity":"","overlay-gradient":""},"mobile":{"background-color":"var(--ast-global-color-5)","background-image":"","background-repeat":"repeat","background-position":"center center","background-size":"auto","background-attachment":"scroll","background-type":"","background-media":"","overlay-type":"","overlay-color":"","overlay-opacity":"","overlay-gradient":""}},"_glsr_average":0,"_glsr_ranking":0,"_glsr_reviews":0,"footnotes":""},"class_list":["post-150","page","type-page","status-publish","hentry"],"aioseo_notices":[],"_links":{"self":[{"href":"https:\/\/legaetanahotel.com\/index.php\/wp-json\/wp\/v2\/pages\/150","targetHints":{"allow":["GET"]}}],"collection":[{"href":"https:\/\/legaetanahotel.com\/index.php\/wp-json\/wp\/v2\/pages"}],"about":[{"href":"https:\/\/legaetanahotel.com\/index.php\/wp-json\/wp\/v2\/types\/page"}],"author":[{"embeddable":true,"href":"https:\/\/legaetanahotel.com\/index.php\/wp-json\/wp\/v2\/users\/1"}],"replies":[{"embeddable":true,"href":"https:\/\/legaetanahotel.com\/index.php\/wp-json\/wp\/v2\/comments?post=150"}],"version-history":[{"count":43,"href":"https:\/\/legaetanahotel.com\/index.php\/wp-json\/wp\/v2\/pages\/150\/revisions"}],"predecessor-version":[{"id":2045,"href":"https:\/\/legaetanahotel.com\/index.php\/wp-json\/wp\/v2\/pages\/150\/revisions\/2045"}],"wp:attachment":[{"href":"https:\/\/legaetanahotel.com\/index.php\/wp-json\/wp\/v2\/media?parent=150"}],"curies":[{"name":"wp","href":"https:\/\/api.w.org\/{rel}","templated":true}]}}