{"id":2062,"date":"2025-12-18T22:59:19","date_gmt":"2025-12-19T02:59:19","guid":{"rendered":"https:\/\/legaetanahotel.com\/?post_type=product&#038;p=2062"},"modified":"2025-12-19T19:03:31","modified_gmt":"2025-12-19T23:03:31","slug":"diner-de-saint-sylvestre","status":"publish","type":"product","link":"https:\/\/legaetanahotel.com\/index.php\/produit\/diner-de-saint-sylvestre\/","title":{"rendered":"D\u00eener de la Saint-Sylvestre 2025 \u2014 Menu gastronomique au Guetali (Le Gaetana H\u00f4tel)"},"content":{"rendered":"<p>\ud83e\udd42 C\u00e9l\u00e9brez le 31 d\u00e9cembre dans une ambiance \u00e9l\u00e9gante et intimiste.<\/p>\n<p>\u2728 Une parenth\u00e8se gastronomique d\u2019exception pour accueillir la nouvelle ann\u00e9e.<\/p>\n<p>\u26a0\ufe0f Places ultra limit\u00e9es : seuls les 50 premiers r\u00e9servants pourront vivre ce moment magique.<\/p>\n<hr \/>\n<p>Le temps d\u2019une soir\u00e9e, Le Guetali vous ouvre ses portes pour un D\u00eener de la Saint-Sylvestre dans le cadre unique du Gaetana H\u00f4tel \u00e0 Sainte-Rose.<\/p>\n<p>Un menu gastronomique con\u00e7u pour sublimer les saveurs, accompagn\u00e9 d\u2019un service soign\u00e9 et d\u2019une atmosph\u00e8re r\u00e9solument chic.<\/p>\n<hr \/>\n<p><strong>Inclus dans votre r\u00e9servation<\/strong><\/p>\n<p>Adultes \u2014 140 \u20ac \/ pers.<br \/>\n\u2705 Menu complet : Entr\u00e9e + Plat + Dessert<br \/>\n\ud83e\udd42 Coupe de champagne offerte<\/p>\n<p>Enfants \u2014 60 \u20ac \/ pers.<br \/>\n\u2705 Menu enfant complet : Entr\u00e9e + Plat + Dessert<br \/>\n\ud83c\udf79 Cocktail de jus de fruits offert<\/p>\n<hr \/>\n<p><strong>Informations<\/strong><\/p>\n<p>\ud83d\udcc5 Mercredi 31 d\u00e9cembre 2025<\/p>\n<p>\ud83d\udccd Le Guetali \u2014 Restaurant du Gaetana H\u00f4tel, Sainte-Rose<\/p>\n<p>\u23f3 Places limit\u00e9es : offre r\u00e9serv\u00e9e aux 50 premiers r\u00e9servants<\/p>\n<p>\ud83d\udcde Une question ? Contactez-nous : 0690 32 25 00<\/p>\n<p>(La r\u00e9servation se fait directement via cette page.)<\/p>\n<p>\ud83d\udccd Gaetana H\u00f4tel \u2013 2 Route de Sofa\u00efa, 97115 Sainte-Rose<\/p>\n","protected":false},"excerpt":{"rendered":"<p>Savourez un moment gourmand au c\u0153ur du Gaetana H\u00f4tel avec notre brunch aux saveurs locales, servi dans un cadre exceptionnel avec vue sur la mer.<\/p>\n","protected":false},"featured_media":2070,"comment_status":"open","ping_status":"closed","template":"","meta":{"site-sidebar-layout":"default","site-content-layout":"","ast-site-content-layout":"default","site-content-style":"default","site-sidebar-style":"default","ast-global-header-display":"","ast-banner-title-visibility":"","ast-main-header-display":"","ast-hfb-above-header-display":"","ast-hfb-below-header-display":"","ast-hfb-mobile-header-display":"","site-post-title":"","ast-breadcrumbs-content":"","ast-featured-img":"","footer-sml-layout":"","theme-transparent-header-meta":"default","adv-header-id-meta":"","stick-header-meta":"","header-above-stick-meta":"","header-main-stick-meta":"","header-below-stick-meta":"","astra-migrate-meta-layouts":"set","ast-page-background-enabled":"default","ast-page-background-meta":{"desktop":{"background-color":"","background-image":"","background-repeat":"repeat","background-position":"center center","background-size":"auto","background-attachment":"scroll","background-type":"","background-media":"","overlay-type":"","overlay-color":"","overlay-opacity":"","overlay-gradient":""},"tablet":{"background-color":"","background-image":"","background-repeat":"repeat","background-position":"center center","background-size":"auto","background-attachment":"scroll","background-type":"","background-media":"","overlay-type":"","overlay-color":"","overlay-opacity":"","overlay-gradient":""},"mobile":{"background-color":"","background-image":"","background-repeat":"repeat","background-position":"center center","background-size":"auto","background-attachment":"scroll","background-type":"","background-media":"","overlay-type":"","overlay-color":"","overlay-opacity":"","overlay-gradient":""}},"ast-content-background-meta":{"desktop":{"background-color":"var(--ast-global-color-5)","background-image":"","background-repeat":"repeat","background-position":"center center","background-size":"auto","background-attachment":"scroll","background-type":"","background-media":"","overlay-type":"","overlay-color":"","overlay-opacity":"","overlay-gradient":""},"tablet":{"background-color":"var(--ast-global-color-5)","background-image":"","background-repeat":"repeat","background-position":"center center","background-size":"auto","background-attachment":"scroll","background-type":"","background-media":"","overlay-type":"","overlay-color":"","overlay-opacity":"","overlay-gradient":""},"mobile":{"background-color":"var(--ast-global-color-5)","background-image":"","background-repeat":"repeat","background-position":"center center","background-size":"auto","background-attachment":"scroll","background-type":"","background-media":"","overlay-type":"","overlay-color":"","overlay-opacity":"","overlay-gradient":""}},"_glsr_average":0,"_glsr_ranking":0,"_glsr_reviews":0},"product_brand":[],"product_cat":[30],"product_tag":[],"class_list":{"0":"post-2062","1":"product","2":"type-product","3":"status-publish","4":"has-post-thumbnail","6":"product_cat-restauration","7":"desktop-align-left","8":"tablet-align-left","9":"mobile-align-left","11":"first","12":"instock","13":"virtual","14":"sold-individually","15":"purchasable","16":"product-type-booking"},"booking_location":"","booking_location_type":"","booking_duration":4,"booking_duration_unit":"hour","booking_buffer":0,"booking_cost":0,"booking_resources":[],"aioseo_notices":[],"_links":{"self":[{"href":"https:\/\/legaetanahotel.com\/index.php\/wp-json\/wp\/v2\/product\/2062","targetHints":{"allow":["GET"]}}],"collection":[{"href":"https:\/\/legaetanahotel.com\/index.php\/wp-json\/wp\/v2\/product"}],"about":[{"href":"https:\/\/legaetanahotel.com\/index.php\/wp-json\/wp\/v2\/types\/product"}],"replies":[{"embeddable":true,"href":"https:\/\/legaetanahotel.com\/index.php\/wp-json\/wp\/v2\/comments?post=2062"}],"wp:featuredmedia":[{"embeddable":true,"href":"https:\/\/legaetanahotel.com\/index.php\/wp-json\/wp\/v2\/media\/2070"}],"wp:attachment":[{"href":"https:\/\/legaetanahotel.com\/index.php\/wp-json\/wp\/v2\/media?parent=2062"}],"wp:term":[{"taxonomy":"product_brand","embeddable":true,"href":"https:\/\/legaetanahotel.com\/index.php\/wp-json\/wp\/v2\/product_brand?post=2062"},{"taxonomy":"product_cat","embeddable":true,"href":"https:\/\/legaetanahotel.com\/index.php\/wp-json\/wp\/v2\/product_cat?post=2062"},{"taxonomy":"product_tag","embeddable":true,"href":"https:\/\/legaetanahotel.com\/index.php\/wp-json\/wp\/v2\/product_tag?post=2062"}],"curies":[{"name":"wp","href":"https:\/\/api.w.org\/{rel}","templated":true}]}}